{"id":31906,"date":"2021-12-10T11:39:31","date_gmt":"2021-12-10T10:39:31","guid":{"rendered":"https:\/\/www.unio.fr\/our-news\/"},"modified":"2022-10-13T23:21:40","modified_gmt":"2022-10-13T21:21:40","slug":"our-news","status":"publish","type":"page","link":"https:\/\/www.unio.fr\/en\/our-news\/","title":{"rendered":"Our news"},"content":{"rendered":"\t\t<div data-elementor-type=\"wp-page\" data-elementor-id=\"31906\" class=\"elementor elementor-31906 elementor-29208\">\r\n\t\t\t\t\t\t\t\t\t<section class=\"elementor-section elementor-top-section elementor-element elementor-element-caadcea elementor-section-stretched elementor-section-boxed elementor-section-height-default elementor-section-height-default\" data-id=\"caadcea\" data-element_type=\"section\" data-settings=\"{&quot;stretch_section&quot;:&quot;section-stretched&quot;,&quot;background_background&quot;:&quot;classic&quot;}\">\r\n\t\t\t\t\t\t<div class=\"elementor-container elementor-column-gap-default\">\r\n\t\t\t\t\t<div class=\"elementor-column elementor-col-100 elementor-top-column elementor-element elementor-element-62e0f277\" data-id=\"62e0f277\" data-element_type=\"column\">\r\n\t\t\t<div class=\"elementor-widget-wrap elementor-element-populated\">\r\n\t\t\t\t\t\t\t\t<div class=\"elementor-element elementor-element-10c5323 elementor-widget elementor-widget-Property Breadcrumbs\" data-id=\"10c5323\" data-element_type=\"widget\" data-widget_type=\"Property Breadcrumbs.default\">\r\n\t\t\t\t<div class=\"elementor-widget-container\">\r\n\t\t\t<ol class=\"breadcrumb\">\r\n               <li><a href=\"https:\/\/www.unio.fr\/en\/\">Home<\/a><\/li><li class=\"active\">Our news<\/li><\/ol>\t\t<\/div>\r\n\t\t\t\t<\/div>\r\n\t\t\t\t<div class=\"elementor-element elementor-element-cf3d507 elementor-widget elementor-widget-html\" data-id=\"cf3d507\" data-element_type=\"widget\" data-widget_type=\"html.default\">\r\n\t\t\t\t<div class=\"elementor-widget-container\">\r\n\t\t\t<script>document.querySelector(\"#all_wrapper > div > div.container.content_wrapper > div > section > div > div > div > div.elementor-element.elementor-element-10c5323.elementor-widget.elementor-widget-Property.Breadcrumbs > div > ol > li:nth-child(1) > a\").innerText = \"Accueil\"\n\n<\/script>\t\t<\/div>\r\n\t\t\t\t<\/div>\r\n\t\t\t\t<div class=\"elementor-element elementor-element-293ff2b premium-blog-align-center elementor-widget elementor-widget-premium-addon-blog\" data-id=\"293ff2b\" data-element_type=\"widget\" data-settings=\"{&quot;force_height&quot;:&quot;true&quot;,&quot;premium_blog_columns_number&quot;:&quot;33.33%&quot;,&quot;premium_blog_grid&quot;:&quot;yes&quot;,&quot;premium_blog_layout&quot;:&quot;even&quot;,&quot;premium_blog_columns_number_tablet&quot;:&quot;50%&quot;,&quot;premium_blog_columns_number_mobile&quot;:&quot;100%&quot;,&quot;scroll_to_offset&quot;:&quot;yes&quot;}\" data-widget_type=\"premium-addon-blog.default\">\r\n\t\t\t\t<div class=\"elementor-widget-container\">\r\n\t\t\t\r\n\t\t\t\t\t\t\t<div class=\"premium-blog-filter\">\r\n\t\t\t<ul class=\"premium-blog-filters-container\">\r\n\t\t\t\t\t\t\t\t\t<li>\r\n\t\t\t\t\t\t<a href=\"javascript:;\" class=\"category active\" data-filter=\"*\">\r\n\t\t\t\t\t\t\tAll\t\t\t\t\t\t<\/a>\r\n\t\t\t\t\t<\/li>\r\n\t\t\t\t\t\t\t\t\t\t\t\t\t\t<li>\r\n\t\t\t\t\t\t\t<a href=\"javascript:;\" class=\"category\" data-filter=\"advice\">\r\n\t\t\t\t\t\t\t\tAdvice\t\t\t\t\t\t\t<\/a>\r\n\t\t\t\t\t\t<\/li>\r\n\t\t\t\t\t\t\t<\/ul>\r\n\t\t<\/div>\r\n\t\t\t\t\t\t<div class=\"premium-blog-wrap  premium-blog-even\" data-page=\"31906\">\r\n\t\t\t\r\n\t\t<div class=\"premium-blog-post-outer-container advice\" data-total=\"1\">\r\n\r\n\t\t\t<div class=\"premium-blog-post-container premium-blog-skin-classic\">\r\n\r\n\t\t\t\t\r\n\t\t\t\t\t<div class=\"premium-blog-thumb-effect-wrapper\">\r\n\r\n\t\t\t\t\t\t<div class=\"premium-blog-thumbnail-container premium-blog-none-effect\">\r\n\r\n\t\t\t\t\t\t\t<img src=\"https:\/\/www.unio.fr\/wp-content\/uploads\/elementor\/thumbs\/2-1-pxpafngm1jhrd7f00jefzuaqofjajurmvp9btwxgn8.jpg\" title=\"2\" alt=\"2\" \/>\r\n\t\t\t\t\t\t<\/div>\r\n\r\n\t\t\t\t\t\t\r\n\t\t\t\t\t\t\t<div class=\"premium-blog-thumbnail-overlay\">\r\n\r\n\t\t\t\t\t\t\t\t<a class=\"elementor-icon\" href=\"https:\/\/www.unio.fr\/en\/should-you-sell-before-you-buy-or-buy-before-you-sell\/\" target=\"_self\"><\/a>\r\n\r\n\t\t\t\t\t\t\t<\/div>\r\n\r\n\t\t\t\t\t\t\r\n\t\t\t\t\t<\/div>\r\n\r\n\t\t\t\t\r\n\t\t\t\t\r\n\t\t\t\t<div class=\"premium-blog-content-wrapper \">\r\n\r\n\r\n\r\n\t\t\t\t\t<div class=\"premium-blog-inner-container\">\r\n\r\n\r\n\r\n\t\t\t\t\t\t\r\n\t\t\t\t\t\t\r\n\t\t\t\t\t\t\r\n\t\t\t\t\t\t<!-- <span class=\"premium-blog-meta-separator\">\u2022<\/span> -->\r\n\r\n\t\t\t\t\t\t<div class=\"premium-blog-post-categories premium-blog-meta-data\">\r\n\r\n\t\t\t\t\t\t\t<!-- <i class=\"fa fa-align-left fa-fw\"><\/i> -->\r\n\r\n\t\t\t\t\t\t\t<a href=\"https:\/\/www.unio.fr\/en\/category\/advice\/\">Advice<\/a>\r\n\t\t\t\t\t\t<\/div>\r\n\r\n\t\t\t\t\t\t\r\n\t\t\t\t\t\t\r\n\t\t<h2 class=\"premium-blog-entry-title\">\r\n\r\n\t\t\t<a href=\"https:\/\/www.unio.fr\/en\/should-you-sell-before-you-buy-or-buy-before-you-sell\/\" target=\"_self\">\r\n\r\n\t\t\t\tShould you sell before you buy or buy before you sell?\r\n\t\t\t<\/a>\r\n\r\n\t\t<\/h2>\r\n\r\n\t\t\r\n\t\t<div class=\"premium-blog-entry-meta\">\r\n\r\n\t\t\t\r\n\t\t\t\t\r\n\t\t\t\t<div class=\"premium-blog-post-time premium-blog-meta-data\">\r\n\t\t\t\t\t\r\n\t\t\t\t\t<!-- <i class=\"fa fa-clock-o\"><\/i> -->\r\n\t\t\t\t\t\r\n\t\t\t\t\t<span>25.10<\/span>\r\n\r\n\t\t\t\t<\/div>\r\n\r\n\t\t\t\r\n\t\t\t<span class=\"premium-blog-meta-separator\">-<\/span>\r\n\r\n\t\t\t\r\n\t\t\t\t<div class=\"premium-blog-post-author premium-blog-meta-data\">\r\n\r\n\t\t\t\t\t- Par <a href=\"https:\/\/www.unio.fr\/en\/author\/mathilde-mobilis\/\" title=\"Posts by Mathilde de Sainte Marie\" rel=\"author\">Mathilde de Sainte Marie<\/a>\r\n\t\t\t\t<\/div>\r\n\r\n\t\t\t\r\n\t\t\t\r\n\t\t<\/div>\r\n\r\n\t\t\r\n\r\n\r\n\t\t\t\t\t<\/div>\r\n\r\n\r\n\r\n\t\t\t\t\t<p class=\"premium-blog-post-content\">Faced with this eternal dilemma, we have several solutions for you. Buying before selling is by far the most comfortable option since \u2026<\/p>\r\n\t\t\t\t\t\r\n\r\n\r\n\t\t\t\t<\/div>\r\n\r\n\t\t\t<\/div>\r\n\r\n\t\t<\/div>\r\n\r\n\r\n\r\n\t\t\t\t<\/div>\r\n\r\n\t\t\t\t<\/div>\r\n\t\t\t\t<\/div>\r\n\t\t\t\t\t<\/div>\r\n\t\t<\/div>\r\n\t\t\t\t\t\t\t<\/div>\r\n\t\t<\/section>\r\n\t\t\t\t\t\t\t<\/div>\r\n\t\t","protected":false},"excerpt":{"rendered":"<p>Home Our news All Conseils Conseils Faut-il vendre avant d\u2019acheter ou acheter avant de vendre ? 7.09 &#8211; &#8211; Par Mathilde Mobilis Face \u00e0 cet \u00e9ternel dilemme, nous apportons plusieurs r\u00e9ponses. Acheter avant de vendre\u00a0est de loin la situation la plus confortable car elle \u2026<\/p>\n","protected":false},"author":1,"featured_media":30049,"parent":0,"menu_order":0,"comment_status":"closed","ping_status":"closed","template":"elementor_header_footer","meta":{"inline_featured_image":false},"yoast_head":"<!-- This site is optimized with the Yoast SEO plugin v20.4 - https:\/\/yoast.com\/wordpress\/plugins\/seo\/ -->\n<title>Toute l&#039;actualit\u00e9 Unio et du march\u00e9 immobilier parisien | Unio<\/title>\n<meta name=\"description\" content=\"Retrouvez le meilleur de l&#039;actualit\u00e9 immobili\u00e8re parisienne. Tenez-vous inform\u00e9 pour concr\u00e9tiser au mieux vos projets immobiliers.\" \/>\n<meta name=\"robots\" content=\"index, follow, max-snippet:-1, max-image-preview:large, max-video-preview:-1\" \/>\n<link rel=\"canonical\" href=\"https:\/\/www.unio.fr\/en\/our-news\/\" \/>\n<meta property=\"og:locale\" content=\"en_US\" \/>\n<meta property=\"og:type\" content=\"article\" \/>\n<meta property=\"og:title\" content=\"Toute l&#039;actualit\u00e9 Unio et du march\u00e9 immobilier parisien | Unio\" \/>\n<meta property=\"og:description\" content=\"Retrouvez le meilleur de l&#039;actualit\u00e9 immobili\u00e8re parisienne. Tenez-vous inform\u00e9 pour concr\u00e9tiser au mieux vos projets immobiliers.\" \/>\n<meta property=\"og:url\" content=\"https:\/\/www.unio.fr\/en\/our-news\/\" \/>\n<meta property=\"og:site_name\" content=\"Unio\" \/>\n<meta property=\"article:modified_time\" content=\"2022-10-13T21:21:40+00:00\" \/>\n<meta property=\"og:image\" content=\"https:\/\/www.unio.fr\/wp-content\/uploads\/2022\/08\/Cover-Actu-scaled.jpg\" \/>\n\t<meta property=\"og:image:width\" content=\"2560\" \/>\n\t<meta property=\"og:image:height\" content=\"640\" \/>\n\t<meta property=\"og:image:type\" content=\"image\/jpeg\" \/>\n<meta name=\"twitter:card\" content=\"summary_large_image\" \/>\n<meta name=\"twitter:label1\" content=\"Est. reading time\" \/>\n\t<meta name=\"twitter:data1\" content=\"1 minute\" \/>\n<script type=\"application\/ld+json\" class=\"yoast-schema-graph\">{\"@context\":\"https:\/\/schema.org\",\"@graph\":[{\"@type\":\"WebPage\",\"@id\":\"https:\/\/www.unio.fr\/en\/our-news\/\",\"url\":\"https:\/\/www.unio.fr\/en\/our-news\/\",\"name\":\"Toute l'actualit\u00e9 Unio et du march\u00e9 immobilier parisien | Unio\",\"isPartOf\":{\"@id\":\"https:\/\/www.unio.fr\/#website\"},\"datePublished\":\"2021-12-10T10:39:31+00:00\",\"dateModified\":\"2022-10-13T21:21:40+00:00\",\"description\":\"Retrouvez le meilleur de l'actualit\u00e9 immobili\u00e8re parisienne. Tenez-vous inform\u00e9 pour concr\u00e9tiser au mieux vos projets immobiliers.\",\"breadcrumb\":{\"@id\":\"https:\/\/www.unio.fr\/en\/our-news\/#breadcrumb\"},\"inLanguage\":\"en-US\",\"potentialAction\":[{\"@type\":\"ReadAction\",\"target\":[\"https:\/\/www.unio.fr\/en\/our-news\/\"]}]},{\"@type\":\"BreadcrumbList\",\"@id\":\"https:\/\/www.unio.fr\/en\/our-news\/#breadcrumb\",\"itemListElement\":[{\"@type\":\"ListItem\",\"position\":1,\"name\":\"Accueil\",\"item\":\"https:\/\/www.unio.fr\/\"},{\"@type\":\"ListItem\",\"position\":2,\"name\":\"Our news\"}]},{\"@type\":\"WebSite\",\"@id\":\"https:\/\/www.unio.fr\/#website\",\"url\":\"https:\/\/www.unio.fr\/\",\"name\":\"Unio\",\"description\":\"Ier r\u00e9seau immobilier de luxe parisien.\",\"publisher\":{\"@id\":\"https:\/\/www.unio.fr\/#organization\"},\"potentialAction\":[{\"@type\":\"SearchAction\",\"target\":{\"@type\":\"EntryPoint\",\"urlTemplate\":\"https:\/\/www.unio.fr\/?s={search_term_string}\"},\"query-input\":\"required name=search_term_string\"}],\"inLanguage\":\"en-US\"},{\"@type\":\"Organization\",\"@id\":\"https:\/\/www.unio.fr\/#organization\",\"name\":\"Unio\",\"url\":\"https:\/\/www.unio.fr\/\",\"logo\":{\"@type\":\"ImageObject\",\"inLanguage\":\"en-US\",\"@id\":\"https:\/\/www.unio.fr\/#\/schema\/logo\/image\/\",\"url\":\"https:\/\/www.unio.fr\/wp-content\/uploads\/2022\/08\/Logo-Unio.svg\",\"contentUrl\":\"https:\/\/www.unio.fr\/wp-content\/uploads\/2022\/08\/Logo-Unio.svg\",\"width\":170,\"height\":42,\"caption\":\"Unio\"},\"image\":{\"@id\":\"https:\/\/www.unio.fr\/#\/schema\/logo\/image\/\"},\"sameAs\":[\"https:\/\/www.instagram.com\/unio_immobilier\/\",\"https:\/\/www.linkedin.com\/company\/unio-rseau-immobilier-de-luxe-parisien\/\"]}]}<\/script>\n<!-- \/ Yoast SEO plugin. -->","yoast_head_json":{"title":"Toute l'actualit\u00e9 Unio et du march\u00e9 immobilier parisien | Unio","description":"Retrouvez le meilleur de l'actualit\u00e9 immobili\u00e8re parisienne. Tenez-vous inform\u00e9 pour concr\u00e9tiser au mieux vos projets immobiliers.","robots":{"index":"index","follow":"follow","max-snippet":"max-snippet:-1","max-image-preview":"max-image-preview:large","max-video-preview":"max-video-preview:-1"},"canonical":"https:\/\/www.unio.fr\/en\/our-news\/","og_locale":"en_US","og_type":"article","og_title":"Toute l'actualit\u00e9 Unio et du march\u00e9 immobilier parisien | Unio","og_description":"Retrouvez le meilleur de l'actualit\u00e9 immobili\u00e8re parisienne. Tenez-vous inform\u00e9 pour concr\u00e9tiser au mieux vos projets immobiliers.","og_url":"https:\/\/www.unio.fr\/en\/our-news\/","og_site_name":"Unio","article_modified_time":"2022-10-13T21:21:40+00:00","og_image":[{"width":2560,"height":640,"url":"https:\/\/www.unio.fr\/wp-content\/uploads\/2022\/08\/Cover-Actu-scaled.jpg","type":"image\/jpeg"}],"twitter_card":"summary_large_image","twitter_misc":{"Est. reading time":"1 minute"},"schema":{"@context":"https:\/\/schema.org","@graph":[{"@type":"WebPage","@id":"https:\/\/www.unio.fr\/en\/our-news\/","url":"https:\/\/www.unio.fr\/en\/our-news\/","name":"Toute l'actualit\u00e9 Unio et du march\u00e9 immobilier parisien | Unio","isPartOf":{"@id":"https:\/\/www.unio.fr\/#website"},"datePublished":"2021-12-10T10:39:31+00:00","dateModified":"2022-10-13T21:21:40+00:00","description":"Retrouvez le meilleur de l'actualit\u00e9 immobili\u00e8re parisienne. Tenez-vous inform\u00e9 pour concr\u00e9tiser au mieux vos projets immobiliers.","breadcrumb":{"@id":"https:\/\/www.unio.fr\/en\/our-news\/#breadcrumb"},"inLanguage":"en-US","potentialAction":[{"@type":"ReadAction","target":["https:\/\/www.unio.fr\/en\/our-news\/"]}]},{"@type":"BreadcrumbList","@id":"https:\/\/www.unio.fr\/en\/our-news\/#breadcrumb","itemListElement":[{"@type":"ListItem","position":1,"name":"Accueil","item":"https:\/\/www.unio.fr\/"},{"@type":"ListItem","position":2,"name":"Our news"}]},{"@type":"WebSite","@id":"https:\/\/www.unio.fr\/#website","url":"https:\/\/www.unio.fr\/","name":"Unio","description":"Ier r\u00e9seau immobilier de luxe parisien.","publisher":{"@id":"https:\/\/www.unio.fr\/#organization"},"potentialAction":[{"@type":"SearchAction","target":{"@type":"EntryPoint","urlTemplate":"https:\/\/www.unio.fr\/?s={search_term_string}"},"query-input":"required name=search_term_string"}],"inLanguage":"en-US"},{"@type":"Organization","@id":"https:\/\/www.unio.fr\/#organization","name":"Unio","url":"https:\/\/www.unio.fr\/","logo":{"@type":"ImageObject","inLanguage":"en-US","@id":"https:\/\/www.unio.fr\/#\/schema\/logo\/image\/","url":"https:\/\/www.unio.fr\/wp-content\/uploads\/2022\/08\/Logo-Unio.svg","contentUrl":"https:\/\/www.unio.fr\/wp-content\/uploads\/2022\/08\/Logo-Unio.svg","width":170,"height":42,"caption":"Unio"},"image":{"@id":"https:\/\/www.unio.fr\/#\/schema\/logo\/image\/"},"sameAs":["https:\/\/www.instagram.com\/unio_immobilier\/","https:\/\/www.linkedin.com\/company\/unio-rseau-immobilier-de-luxe-parisien\/"]}]}},"_links":{"self":[{"href":"https:\/\/www.unio.fr\/en\/wp-json\/wp\/v2\/pages\/31906"}],"collection":[{"href":"https:\/\/www.unio.fr\/en\/wp-json\/wp\/v2\/pages"}],"about":[{"href":"https:\/\/www.unio.fr\/en\/wp-json\/wp\/v2\/types\/page"}],"author":[{"embeddable":true,"href":"https:\/\/www.unio.fr\/en\/wp-json\/wp\/v2\/users\/1"}],"replies":[{"embeddable":true,"href":"https:\/\/www.unio.fr\/en\/wp-json\/wp\/v2\/comments?post=31906"}],"version-history":[{"count":11,"href":"https:\/\/www.unio.fr\/en\/wp-json\/wp\/v2\/pages\/31906\/revisions"}],"predecessor-version":[{"id":32054,"href":"https:\/\/www.unio.fr\/en\/wp-json\/wp\/v2\/pages\/31906\/revisions\/32054"}],"wp:featuredmedia":[{"embeddable":true,"href":"https:\/\/www.unio.fr\/en\/wp-json\/wp\/v2\/media\/30049"}],"wp:attachment":[{"href":"https:\/\/www.unio.fr\/en\/wp-json\/wp\/v2\/media?parent=31906"}],"curies":[{"name":"wp","href":"https:\/\/api.w.org\/{rel}","templated":true}]}}