{"id":31884,"date":"2022-07-27T16:54:54","date_gmt":"2022-07-27T14:54:54","guid":{"rendered":"https:\/\/www.unio.fr\/nos-biens-vendus\/"},"modified":"2022-10-13T19:20:23","modified_gmt":"2022-10-13T17:20:23","slug":"our-sold-properties","status":"publish","type":"page","link":"https:\/\/www.unio.fr\/en\/our-sold-properties\/","title":{"rendered":"Our sold properties"},"content":{"rendered":"","protected":false},"excerpt":{"rendered":"","protected":false},"author":1,"featured_media":0,"parent":0,"menu_order":0,"comment_status":"closed","ping_status":"closed","template":"advanced_search_results.php","meta":{"inline_featured_image":false},"yoast_head":"<!-- This site is optimized with the Yoast SEO plugin v20.4 - https:\/\/yoast.com\/wordpress\/plugins\/seo\/ -->\n<title>D\u00e9couvrez les propri\u00e9t\u00e9s vendues par Unio<\/title>\n<meta name=\"description\" content=\"Appartement, maison, h\u00f4tel particulier, villa... Retrouvez les demeures d&#039;exception vendues par Unio.\" \/>\n<meta name=\"robots\" content=\"index, follow, max-snippet:-1, max-image-preview:large, max-video-preview:-1\" \/>\n<link rel=\"canonical\" href=\"https:\/\/www.unio.fr\/en\/our-sold-properties\/\" \/>\n<meta property=\"og:locale\" content=\"en_US\" \/>\n<meta property=\"og:type\" content=\"article\" \/>\n<meta property=\"og:title\" content=\"D\u00e9couvrez les propri\u00e9t\u00e9s vendues par Unio\" \/>\n<meta property=\"og:description\" content=\"Appartement, maison, h\u00f4tel particulier, villa... Retrouvez les demeures d&#039;exception vendues par Unio.\" \/>\n<meta property=\"og:url\" content=\"https:\/\/www.unio.fr\/en\/our-sold-properties\/\" \/>\n<meta property=\"og:site_name\" content=\"Unio\" \/>\n<meta property=\"article:modified_time\" content=\"2022-10-13T17:20:23+00:00\" \/>\n<meta name=\"twitter:card\" content=\"summary_large_image\" \/>\n<script type=\"application\/ld+json\" class=\"yoast-schema-graph\">{\"@context\":\"https:\/\/schema.org\",\"@graph\":[{\"@type\":\"WebPage\",\"@id\":\"https:\/\/www.unio.fr\/en\/our-sold-properties\/\",\"url\":\"https:\/\/www.unio.fr\/en\/our-sold-properties\/\",\"name\":\"D\u00e9couvrez les propri\u00e9t\u00e9s vendues par Unio\",\"isPartOf\":{\"@id\":\"https:\/\/www.unio.fr\/#website\"},\"datePublished\":\"2022-07-27T14:54:54+00:00\",\"dateModified\":\"2022-10-13T17:20:23+00:00\",\"description\":\"Appartement, maison, h\u00f4tel particulier, villa... Retrouvez les demeures d'exception vendues par Unio.\",\"breadcrumb\":{\"@id\":\"https:\/\/www.unio.fr\/en\/our-sold-properties\/#breadcrumb\"},\"inLanguage\":\"en-US\",\"potentialAction\":[{\"@type\":\"ReadAction\",\"target\":[\"https:\/\/www.unio.fr\/en\/our-sold-properties\/\"]}]},{\"@type\":\"BreadcrumbList\",\"@id\":\"https:\/\/www.unio.fr\/en\/our-sold-properties\/#breadcrumb\",\"itemListElement\":[{\"@type\":\"ListItem\",\"position\":1,\"name\":\"Accueil\",\"item\":\"https:\/\/www.unio.fr\/\"},{\"@type\":\"ListItem\",\"position\":2,\"name\":\"Our sold properties\"}]},{\"@type\":\"WebSite\",\"@id\":\"https:\/\/www.unio.fr\/#website\",\"url\":\"https:\/\/www.unio.fr\/\",\"name\":\"Unio\",\"description\":\"Ier r\u00e9seau immobilier de luxe parisien.\",\"publisher\":{\"@id\":\"https:\/\/www.unio.fr\/#organization\"},\"potentialAction\":[{\"@type\":\"SearchAction\",\"target\":{\"@type\":\"EntryPoint\",\"urlTemplate\":\"https:\/\/www.unio.fr\/?s={search_term_string}\"},\"query-input\":\"required name=search_term_string\"}],\"inLanguage\":\"en-US\"},{\"@type\":\"Organization\",\"@id\":\"https:\/\/www.unio.fr\/#organization\",\"name\":\"Unio\",\"url\":\"https:\/\/www.unio.fr\/\",\"logo\":{\"@type\":\"ImageObject\",\"inLanguage\":\"en-US\",\"@id\":\"https:\/\/www.unio.fr\/#\/schema\/logo\/image\/\",\"url\":\"https:\/\/www.unio.fr\/wp-content\/uploads\/2022\/08\/Logo-Unio.svg\",\"contentUrl\":\"https:\/\/www.unio.fr\/wp-content\/uploads\/2022\/08\/Logo-Unio.svg\",\"width\":170,\"height\":42,\"caption\":\"Unio\"},\"image\":{\"@id\":\"https:\/\/www.unio.fr\/#\/schema\/logo\/image\/\"},\"sameAs\":[\"https:\/\/www.instagram.com\/unio_immobilier\/\",\"https:\/\/www.linkedin.com\/company\/unio-rseau-immobilier-de-luxe-parisien\/\"]}]}<\/script>\n<!-- \/ Yoast SEO plugin. -->","yoast_head_json":{"title":"D\u00e9couvrez les propri\u00e9t\u00e9s vendues par Unio","description":"Appartement, maison, h\u00f4tel particulier, villa... Retrouvez les demeures d'exception vendues par Unio.","robots":{"index":"index","follow":"follow","max-snippet":"max-snippet:-1","max-image-preview":"max-image-preview:large","max-video-preview":"max-video-preview:-1"},"canonical":"https:\/\/www.unio.fr\/en\/our-sold-properties\/","og_locale":"en_US","og_type":"article","og_title":"D\u00e9couvrez les propri\u00e9t\u00e9s vendues par Unio","og_description":"Appartement, maison, h\u00f4tel particulier, villa... Retrouvez les demeures d'exception vendues par Unio.","og_url":"https:\/\/www.unio.fr\/en\/our-sold-properties\/","og_site_name":"Unio","article_modified_time":"2022-10-13T17:20:23+00:00","twitter_card":"summary_large_image","schema":{"@context":"https:\/\/schema.org","@graph":[{"@type":"WebPage","@id":"https:\/\/www.unio.fr\/en\/our-sold-properties\/","url":"https:\/\/www.unio.fr\/en\/our-sold-properties\/","name":"D\u00e9couvrez les propri\u00e9t\u00e9s vendues par Unio","isPartOf":{"@id":"https:\/\/www.unio.fr\/#website"},"datePublished":"2022-07-27T14:54:54+00:00","dateModified":"2022-10-13T17:20:23+00:00","description":"Appartement, maison, h\u00f4tel particulier, villa... Retrouvez les demeures d'exception vendues par Unio.","breadcrumb":{"@id":"https:\/\/www.unio.fr\/en\/our-sold-properties\/#breadcrumb"},"inLanguage":"en-US","potentialAction":[{"@type":"ReadAction","target":["https:\/\/www.unio.fr\/en\/our-sold-properties\/"]}]},{"@type":"BreadcrumbList","@id":"https:\/\/www.unio.fr\/en\/our-sold-properties\/#breadcrumb","itemListElement":[{"@type":"ListItem","position":1,"name":"Accueil","item":"https:\/\/www.unio.fr\/"},{"@type":"ListItem","position":2,"name":"Our sold properties"}]},{"@type":"WebSite","@id":"https:\/\/www.unio.fr\/#website","url":"https:\/\/www.unio.fr\/","name":"Unio","description":"Ier r\u00e9seau immobilier de luxe parisien.","publisher":{"@id":"https:\/\/www.unio.fr\/#organization"},"potentialAction":[{"@type":"SearchAction","target":{"@type":"EntryPoint","urlTemplate":"https:\/\/www.unio.fr\/?s={search_term_string}"},"query-input":"required name=search_term_string"}],"inLanguage":"en-US"},{"@type":"Organization","@id":"https:\/\/www.unio.fr\/#organization","name":"Unio","url":"https:\/\/www.unio.fr\/","logo":{"@type":"ImageObject","inLanguage":"en-US","@id":"https:\/\/www.unio.fr\/#\/schema\/logo\/image\/","url":"https:\/\/www.unio.fr\/wp-content\/uploads\/2022\/08\/Logo-Unio.svg","contentUrl":"https:\/\/www.unio.fr\/wp-content\/uploads\/2022\/08\/Logo-Unio.svg","width":170,"height":42,"caption":"Unio"},"image":{"@id":"https:\/\/www.unio.fr\/#\/schema\/logo\/image\/"},"sameAs":["https:\/\/www.instagram.com\/unio_immobilier\/","https:\/\/www.linkedin.com\/company\/unio-rseau-immobilier-de-luxe-parisien\/"]}]}},"_links":{"self":[{"href":"https:\/\/www.unio.fr\/en\/wp-json\/wp\/v2\/pages\/31884"}],"collection":[{"href":"https:\/\/www.unio.fr\/en\/wp-json\/wp\/v2\/pages"}],"about":[{"href":"https:\/\/www.unio.fr\/en\/wp-json\/wp\/v2\/types\/page"}],"author":[{"embeddable":true,"href":"https:\/\/www.unio.fr\/en\/wp-json\/wp\/v2\/users\/1"}],"replies":[{"embeddable":true,"href":"https:\/\/www.unio.fr\/en\/wp-json\/wp\/v2\/comments?post=31884"}],"version-history":[{"count":1,"href":"https:\/\/www.unio.fr\/en\/wp-json\/wp\/v2\/pages\/31884\/revisions"}],"predecessor-version":[{"id":31908,"href":"https:\/\/www.unio.fr\/en\/wp-json\/wp\/v2\/pages\/31884\/revisions\/31908"}],"wp:attachment":[{"href":"https:\/\/www.unio.fr\/en\/wp-json\/wp\/v2\/media?parent=31884"}],"curies":[{"name":"wp","href":"https:\/\/api.w.org\/{rel}","templated":true}]}}